{"id":1769,"date":"2024-05-22T10:51:56","date_gmt":"2024-05-22T07:51:56","guid":{"rendered":"https:\/\/moonsilk.ee\/?page_id=1769"},"modified":"2026-04-08T13:54:46","modified_gmt":"2026-04-08T10:54:46","slug":"lisatietoja","status":"publish","type":"page","link":"https:\/\/moonsilk.ee\/fi\/edasimuujatele\/","title":{"rendered":"J\u00e4lleenmyyjille"},"content":{"rendered":"\n<div class=\"wp-block-stackable-hero alignfull stk-block-hero stk-block stk-fc879f9 stk-block-background is-style-horizontal\" data-v=\"2\" data-block-id=\"fc879f9\"><style>.stk-fc879f9-inner-blocks{justify-content:center !important;}.stk-fc879f9 {background-color:#FFFFFF !important;padding-top:0px !important;padding-right:0px !important;padding-bottom:0px !important;padding-left:0px !important;margin-bottom:90px !important;}.stk-fc879f9:before{background-color:#FFFFFF !important;}.stk-fc879f9 .stk-block-hero__content{min-height:500px !important;}<\/style><div class=\"stk-block-hero__content stk-content-align stk-fc879f9-column alignfull stk-container stk-fc879f9-container stk--no-background stk--no-padding\"><div class=\"stk-block-content stk-inner-blocks stk--column-flex stk-fc879f9-inner-blocks\">\n<div class=\"wp-block-stackable-columns stk-block-columns stk-block stk-607cf56\" data-block-id=\"607cf56\"><div class=\"stk-row stk-inner-blocks stk-block-content stk-content-align stk-607cf56-column\">\n<div class=\"wp-block-stackable-column stk-block-column stk-column stk-block stk-26501aa stk-block-background\" data-v=\"4\" data-block-id=\"26501aa\"><style>.stk-26501aa-container{margin-top:32px !important;margin-right:32px !important;margin-bottom:32px !important;margin-left:32px !important;max-width:1500px !important;min-width:auto !important;}.stk-26501aa-inner-blocks{justify-content:center !important;}<\/style><div class=\"stk-column-wrapper stk-block-column__content stk-container stk-26501aa-container stk--no-background stk--no-padding\"><div class=\"has-text-align-left stk--column-flex stk-block-content stk-inner-blocks stk-26501aa-inner-blocks\">\n<h3 class=\"wp-block-heading has-text-align-center\">Oleme valmis koost\u00f6\u00f6ks!<\/h3>\n\n\n\n<div class=\"wp-block-stackable-subtitle stk-block-subtitle stk-block stk-77aaebd\" data-block-id=\"77aaebd\"><p class=\"stk-block-subtitle__text stk-subtitle has-text-align-center\">Soovime, et Mulberry siidi imelistest ja kasulikest omadustest saaksid osa v\u00f5imalikult paljud inimesed, mist\u00f5ttu pakume huvilistele mitmeid erinevaid koost\u00f6\u00f6v\u00f5imalusi:<br><\/p><\/div>\n\n\n\n<h4 class=\"wp-block-heading has-text-align-center\"><a href=\"#br2nd\">Alustav v\u00f5i olemasolev br\u00e4nd<\/a><\/h4>\n\n\n\n<h4 class=\"wp-block-heading has-text-align-center\"><a href=\"#ilu\">Ilusalongid, poed, spa-d ja majutusasutused<\/a><\/h4>\n\n\n\n<h4 class=\"wp-block-heading has-text-align-center\"><a href=\"#influencer\" data-type=\"internal\" data-id=\"#influencer\">Influenderid<\/a><\/h4>\n\n\n\n<h4 class=\"wp-block-heading has-text-align-center\"><a href=\"#epood\">E-poed<\/a><\/h4>\n<\/div><\/div><\/div>\n\n\n\n<div class=\"wp-block-stackable-column stk-block-column stk-column stk-block stk-481b0b7\" data-v=\"4\" data-block-id=\"481b0b7\"><style>.stk-481b0b7-container{margin-top:0px !important;margin-right:0px !important;margin-bottom:0px !important;margin-left:0px !important;}<\/style><div class=\"stk-column-wrapper stk-block-column__content stk-container stk-481b0b7-container stk--no-background stk--no-padding\"><div class=\"stk-block-content stk-inner-blocks stk-481b0b7-inner-blocks\">\n<div class=\"wp-block-stackable-image stk-block-image stk-block stk-2172b88\" data-block-id=\"2172b88\"><style>.stk-2172b88 {max-width:1500px !important;min-width:auto !important;}.stk-2172b88 .stk-img-wrapper{width:100% !important;height:900px !important;}.stk-2172b88 .stk-img-wrapper img{object-position:28.000000000000004% 19% !important;}<\/style><figure><span class=\"stk-img-wrapper stk-image--shape-stretch\"><img loading=\"lazy\" decoding=\"async\" class=\"stk-img wp-image-1781\" src=\"http:\/\/moonsilk.ee\/wp-content\/uploads\/2024\/04\/247-Moonsilk-Style-6U0A9070-1.jpeg\" width=\"1365\" height=\"1761\" srcset=\"https:\/\/moonsilk.ee\/wp-content\/uploads\/2024\/04\/247-Moonsilk-Style-6U0A9070-1.jpeg 1365w, https:\/\/moonsilk.ee\/wp-content\/uploads\/2024\/04\/247-Moonsilk-Style-6U0A9070-1-900x1161.jpeg 900w, https:\/\/moonsilk.ee\/wp-content\/uploads\/2024\/04\/247-Moonsilk-Style-6U0A9070-1-233x300.jpeg 233w, https:\/\/moonsilk.ee\/wp-content\/uploads\/2024\/04\/247-Moonsilk-Style-6U0A9070-1-768x991.jpeg 768w, https:\/\/moonsilk.ee\/wp-content\/uploads\/2024\/04\/247-Moonsilk-Style-6U0A9070-1-794x1024.jpeg 794w, https:\/\/moonsilk.ee\/wp-content\/uploads\/2024\/04\/247-Moonsilk-Style-6U0A9070-1-1191x1536.jpeg 1191w, https:\/\/moonsilk.ee\/wp-content\/uploads\/2024\/04\/247-Moonsilk-Style-6U0A9070-1-9x12.jpeg 9w, https:\/\/moonsilk.ee\/wp-content\/uploads\/2024\/04\/247-Moonsilk-Style-6U0A9070-1-1320x1703.jpeg 1320w\" sizes=\"auto, (max-width: 1365px) 100vw, 1365px\" \/><\/span><\/figure><\/div>\n<\/div><\/div><\/div>\n<\/div><\/div>\n<\/div><\/div><\/div>\n\n\n\n<div class=\"wp-block-columns is-layout-flex wp-container-core-columns-is-layout-28f84493 wp-block-columns-is-layout-flex\">\n<div class=\"wp-block-column is-layout-flow wp-block-column-is-layout-flow\" style=\"flex-basis:100%\">\n<h4 class=\"wp-block-heading has-text-align-center\" id=\"br2nd\">Uue v\u00f5i juba olemasoleva br\u00e4ndi asutajatele\/omanikele<\/h4>\n<\/div>\n<\/div>\n\n\n\n<p class=\"has-text-align-center\" id=\"learn-more\">Soovid alustada oma siiditoodete&nbsp;br\u00e4ndi v\u00f5i lisada kvaliteetsed 22 momme Mulberry siidist tooted oma olemasoleva br\u00e4ndi sortimenti? Meilt saad tellida k\u00f5iki kodulehel olevaid tooteid oma ettev\u00f5tte br\u00e4ndinguga. <strong>Loomulikult kehtivad sellisel juhul erihinnad!<\/strong> <br><a href=\"#uuri-l2hemaltx\">V\u00f5ta meiega \u00fchendust ja uuri l\u00e4hemalt!<\/a><\/p>\n\n\n\n<h4 class=\"wp-block-heading has-text-align-center\" id=\"ilu\">Ilusalongidele, poodidele, spa-dele ja majutusasutustele<\/h4>\n\n\n\n<p class=\"has-text-align-center\">Kas sooviksid n\u00e4iteks juuksuri v\u00f5i kosmeetikuna aidata kaasa oma klientide unekvaliteedi ning naha ja juuste tervise parandamisele pakkudes neile oma salongis 22 momme Mulberry siidist Moonsilki&nbsp;tooteid? V\u00f5i kas sooviksid majutusasutusena viia oma klientide kogemuse uuele tasemele pakkudes neile v\u00f5imalust magada pehmetel Mulberry siidist padjap\u00fc\u00fcridel? Ikka saab! <strong> Edasim\u00fc\u00fcjatele erihinnad! <\/strong><br><a href=\"#uuri-l\u00e4hemaltx\">V\u00f5ta \u00fchendust ja uuri t\u00e4psemalt.<\/a><\/p>\n\n\n\n<h4 class=\"wp-block-heading has-text-align-center\" id=\"influencer\">Influenceritele<\/h4>\n\n\n\n<p class=\"has-text-align-center\">Oled influencer kaasatud j\u00e4lgijaskonnaga ja sooviksid teenida lisa, promodes kvaliteetseid siiditooteid? <br><a href=\"#uuri-l\u00e4hemaltx\">Anna endast m\u00e4rku<\/a>&nbsp;ja saadame sulle influenceritele m\u00f5eldud koost\u00f6\u00f6pakkumise! <\/p>\n\n\n\n<h4 class=\"wp-block-heading has-text-align-center\" id=\"epood\">E-poe omanikele<\/h4>\n\n\n\n<p class=\"has-text-align-center\">M\u00fc\u00fc Moonsilk tooteid oma e-poes ilma \u00fchegi riskita. Pane meie tooted oma e-poodi m\u00fc\u00fcki ja osta meilt erihinnaga toode alles siis, kui klient sinu poest tellimuse vormistab! <br>No stock=no risk.<br><a href=\"#uuri-l\u00e4hemaltx\">Kirjuta meile ja r\u00e4\u00e4gime t\u00e4psemalt.<\/a><\/p>\n\n\n\n<div class=\"wp-block-stackable-divider stk-block-divider stk-block stk-c0bbc52\" data-block-id=\"c0bbc52\"><style>.stk-c0bbc52 hr.stk-block-divider__hr{height:1px !important;width:100% !important;}.stk-c0bbc52 {margin-bottom:85px !important;}<\/style><hr class=\"stk-block-divider__hr\"\/><\/div>\n\n\n\n<div class=\"wp-block-stackable-columns stk-block-columns stk-block stk-ce764b7\" data-block-id=\"ce764b7\"><div class=\"stk-row stk-inner-blocks stk-block-content stk-content-align stk-ce764b7-column\">\n<div class=\"wp-block-stackable-column stk-block-column stk-column stk-block stk-62dc7ce\" data-v=\"4\" data-block-id=\"62dc7ce\"><div class=\"stk-column-wrapper stk-block-column__content stk-container stk-62dc7ce-container stk--no-background stk--no-padding\"><div class=\"stk-block-content stk-inner-blocks stk-62dc7ce-inner-blocks\">\n<h3 class=\"wp-block-heading has-text-align-center\" id=\"learn-more\">Kirjuta<\/h3>\n\n\n<div class=\"wpforms-container wpforms-block wpforms-block-1672c956-591f-4860-ad9e-a0a3b926067f wpforms-render-modern\" id=\"wpforms-1688\"><form id=\"wpforms-form-1688\" class=\"wpforms-validate wpforms-form wpforms-ajax-form\" data-formid=\"1688\" method=\"post\" enctype=\"multipart\/form-data\" action=\"\/fi\/wp-json\/wp\/v2\/pages\/1769\" data-token=\"f04e2f0cc5fbad29d755a6a2122ea753\" data-token-time=\"1778620977\"><noscript class=\"wpforms-error-noscript\">Please enable JavaScript in your browser to complete this form.<\/noscript><div id=\"wpforms-error-noscript\" style=\"display: none;\">Please enable JavaScript in your browser to complete this form.<\/div><div class=\"wpforms-field-container\"><div id=\"wpforms-1688-field_6-container\" class=\"wpforms-field wpforms-field-name\" data-field-id=\"6\"><label class=\"wpforms-field-label wpforms-label-hide\" for=\"wpforms-1688-field_6\" aria-hidden=\"false\">Name (copy) <span class=\"wpforms-required-label\" aria-hidden=\"true\">*<\/span><\/label><input type=\"text\" id=\"wpforms-1688-field_6\" class=\"wpforms-field-large wpforms-field-required\" name=\"wpforms[fields][6]\" placeholder=\"Nimi\" aria-errormessage=\"wpforms-1688-field_6-error\" required><\/div><div id=\"wpforms-1688-field_1-container\" class=\"wpforms-field wpforms-field-email wpforms-one-half wpforms-first\" data-field-id=\"1\"><label class=\"wpforms-field-label wpforms-label-hide\" for=\"wpforms-1688-field_1\" aria-hidden=\"false\">Email <span class=\"wpforms-required-label\" aria-hidden=\"true\">*<\/span><\/label><input type=\"email\" id=\"wpforms-1688-field_1\" class=\"wpforms-field-large wpforms-field-required\" name=\"wpforms[fields][1]\" placeholder=\"Sinu Email\" spellcheck=\"false\" aria-errormessage=\"wpforms-1688-field_1-error\" required><\/div><div id=\"wpforms-1688-field_4-container\" class=\"wpforms-field wpforms-field-text wpforms-one-half\" data-field-id=\"4\"><label class=\"wpforms-field-label wpforms-label-hide\" for=\"wpforms-1688-field_4\" aria-hidden=\"false\">Telefoni number<\/label><input type=\"text\" id=\"wpforms-1688-field_4\" class=\"wpforms-field-large\" name=\"wpforms[fields][4]\" placeholder=\"Sinu telefoni number\" aria-errormessage=\"wpforms-1688-field_4-error\" ><\/div><div id=\"wpforms-1688-field_2-container\" class=\"wpforms-field wpforms-field-textarea\" data-field-id=\"2\"><label class=\"wpforms-field-label wpforms-label-hide\" for=\"wpforms-1688-field_2\" aria-hidden=\"false\">S\u00f5num <span class=\"wpforms-required-label\" aria-hidden=\"true\">*<\/span><\/label><textarea id=\"wpforms-1688-field_2\" class=\"wpforms-field-medium wpforms-field-required\" name=\"wpforms[fields][2]\" placeholder=\"S\u00f5num\" aria-errormessage=\"wpforms-1688-field_2-error\" required><\/textarea><\/div><\/div><!-- .wpforms-field-container --><div class=\"wpforms-submit-container\" ><input type=\"hidden\" name=\"wpforms[id]\" value=\"1688\"><input type=\"hidden\" name=\"page_title\" value=\"\"><input type=\"hidden\" name=\"page_url\" value=\"https:\/\/moonsilk.ee\/fi\/wp-json\/wp\/v2\/pages\/1769\"><input type=\"hidden\" name=\"url_referer\" value=\"\"><button type=\"submit\" name=\"wpforms[submit]\" id=\"wpforms-submit-1688\" class=\"wpforms-submit\" data-alt-text=\"Saadab...\" data-submit-text=\"Saada p\u00e4ring\" aria-live=\"assertive\" value=\"wpforms-submit\">Saada p\u00e4ring<\/button><img loading=\"lazy\" decoding=\"async\" src=\"https:\/\/moonsilk.ee\/wp-content\/plugins\/wpforms-lite\/assets\/images\/submit-spin.svg\" class=\"wpforms-submit-spinner\" style=\"display: none;\" width=\"26\" height=\"26\" alt=\"Loading\"><\/div><\/form><\/div>  <!-- .wpforms-container --><\/div><\/div><\/div>\n\n\n\n<div class=\"wp-block-stackable-column stk-block-column stk-column stk-block stk-4221e4d\" data-v=\"4\" data-block-id=\"4221e4d\"><div class=\"stk-column-wrapper stk-block-column__content stk-container stk-4221e4d-container stk--no-background stk--no-padding\"><div class=\"stk-block-content stk-inner-blocks stk-4221e4d-inner-blocks\">\n<h3 class=\"wp-block-heading has-text-align-center\" id=\"uuri-l2hemaltx\">Helista<\/h3>\n\n\n\n<div class=\"wp-block-stackable-text stk-block-text stk-block stk-8390c59\" data-block-id=\"8390c59\"><style>.stk-8390c59 {margin-bottom:50px !important;}<\/style><p class=\"stk-block-text__text\"><\/p><\/div>\n\n\n\n<h3 class=\"wp-block-heading has-text-align-center\" id=\"l2hemalt\">+372 56 253 369<\/h3>\n\n\n\n<div class=\"wp-block-jetpack-send-a-message\">\n<div class=\"wp-block-jetpack-whatsapp-button aligncenter is-color-dark\"><a class=\"whatsapp-block__button\" href=\"https:\/\/api.whatsapp.com\/send?phone=37256253369&amp;text=Hi%2C%20I%20got%20your%20WhatsApp%20information%20from%20your%20website.\" style=\"background-color:#465B64;color:#fff\" target=\"_self\" rel=\"noopener noreferrer\">Kirjuta WhatsApp&#8217;is<\/a><\/div>\n<\/div>\n<\/div><\/div><\/div>\n<\/div><\/div>\n\n\n<div class=\"klaviyo-form-V5rEs8\"><\/div>\n\n\n","protected":false},"excerpt":{"rendered":"<p>Oleme valmis koost\u00f6\u00f6ks! Soovime, et Mulberry siidi imelistest ja kasulikest omadustest saaksid osa v\u00f5imalikult paljud inimesed, mist\u00f5ttu pakume huvilistele mitmeid erinevaid koost\u00f6\u00f6v\u00f5imalusi: Alustav v\u00f5i olemasolev br\u00e4nd Ilusalongid, poed, spa-d ja majutusasutused Influenderid E-poed Uue v\u00f5i juba olemasoleva br\u00e4ndi asutajatele\/omanikele Soovid alustada oma siiditoodete&nbsp;br\u00e4ndi v\u00f5i lisada kvaliteetsed 22 momme Mulberry siidist tooted oma olemasoleva br\u00e4ndi sortimenti? [&hellip;]<\/p>\n","protected":false},"author":1,"featured_media":0,"parent":0,"menu_order":0,"comment_status":"closed","ping_status":"closed","template":"","meta":{"postBodyCss":"","postBodyMargin":[],"postBodyPadding":[],"postBodyBackground":{"backgroundType":"classic","gradient":""},"enableOnePageScrollInPage":false,"onePageScrollCss":"body.gutenkit .gkit-one-page-scroll-dots { --navigation-color: #00ff0d; --navigation-color-active: #00ff0d; --navigation-color-hover: #00ff0d; --navigation-tooltip-arrow-color: #00ff0d; --navigation-tooltip-arrow-color-hover: #00ff0d; } body.gutenkit .gkit-one-page-scroll-dots li.gkit-one-page-scroll-dot .gkit-one-page-scroll-tooltip { color: #ffffff; background-color: #00ff0d; } body.gutenkit .gkit-one-page-scroll-dots li.gkit-one-page-scroll-dot .gkit-one-page-scroll-tooltip:hover { color: #fff; background-color: #00ff0d; }","onePageScrollSpeed":1000,"onePageScrollAnimation":"easeInOutQuad","onePageScrollShowDotNavigation":true,"onePageScrollNavigation":"scaleUp","onePageScrollNavigationPosition":"right","onePageScrollNavigationHorizontal":[],"onePageScrollNavigationVertical":[],"onePageScrollNavigationSpacing":[],"onePageScrollNavigationColor":"#00ff0d","onePageScrollNavigationColorHover":"#00ff0d","onePageScrollNavigationColorActive":"#00ff0d","onePageScrollNavigationIcon":[],"onePageScrollNavigationWidth":[],"onePageScrollNavigationWidthHover":[],"onePageScrollNavigationWidthActive":[],"onePageScrollNavigationHeight":[],"onePageScrollNavigationHeightHover":[],"onePageScrollNavigationHeightActive":[],"onePageScrollNavigationBorder":[],"onePageScrollNavigationBorderHover":[],"onePageScrollNavigationBorderActive":[],"onePageScrollNavigationBorderRadius":[],"onePageScrollNavigationBorderRadiusHover":[],"onePageScrollNavigationBorderRadiusActive":[],"onePageScrollNavigationTooltipTypography":[],"onePageScrollNavigationTooltipColor":"#ffffff","onePageScrollNavigationTooltipColorHover":"","onePageScrollNavigationTooltipBgColor":"#00ff0d","onePageScrollNavigationTooltipBgColorHover":"","onePageScrollNavigationTooltipPadding":[],"onePageScrollNavigationTooltipPaddingHover":[],"onePageScrollNavigationTooltipBorderRadius":[],"onePageScrollNavigationTooltipBorderRadiusHover":[],"pageSettingsCustomCss":"","footnotes":""},"class_list":["post-1769","page","type-page","status-publish","hentry"],"blocksy_meta":[],"jetpack_sharing_enabled":true,"_links":{"self":[{"href":"https:\/\/moonsilk.ee\/fi\/wp-json\/wp\/v2\/pages\/1769","targetHints":{"allow":["GET"]}}],"collection":[{"href":"https:\/\/moonsilk.ee\/fi\/wp-json\/wp\/v2\/pages"}],"about":[{"href":"https:\/\/moonsilk.ee\/fi\/wp-json\/wp\/v2\/types\/page"}],"author":[{"embeddable":true,"href":"https:\/\/moonsilk.ee\/fi\/wp-json\/wp\/v2\/users\/1"}],"replies":[{"embeddable":true,"href":"https:\/\/moonsilk.ee\/fi\/wp-json\/wp\/v2\/comments?post=1769"}],"version-history":[{"count":16,"href":"https:\/\/moonsilk.ee\/fi\/wp-json\/wp\/v2\/pages\/1769\/revisions"}],"predecessor-version":[{"id":9801,"href":"https:\/\/moonsilk.ee\/fi\/wp-json\/wp\/v2\/pages\/1769\/revisions\/9801"}],"wp:attachment":[{"href":"https:\/\/moonsilk.ee\/fi\/wp-json\/wp\/v2\/media?parent=1769"}],"curies":[{"name":"wp","href":"https:\/\/api.w.org\/{rel}","templated":true}]}}