{"id":3,"date":"2023-10-27T07:26:59","date_gmt":"2023-10-27T06:26:59","guid":{"rendered":"http:\/\/moonsilk.ee\/?page_id=3"},"modified":"2026-04-27T19:30:50","modified_gmt":"2026-04-27T16:30:50","slug":"tietosuojakaytanto","status":"publish","type":"page","link":"https:\/\/moonsilk.ee\/fi\/privaatsus\/","title":{"rendered":"Tietosuojak\u00e4yt\u00e4nt\u00f6"},"content":{"rendered":"<h2 class=\"wp-block-heading\">Keit\u00e4 me olemme<\/h2>\n\n\n\n<p>Moonsilk on 100% luonnollisesta mulperisilkist\u00e4 valmistettujen tuotteiden verkkokauppa. Kaikki verkkosivuillamme myyt\u00e4v\u00e4t tuotteet on valmistettu 22 momme Mulberry-silkist\u00e4.<\/p>\n\n\n\n<p>Moonsilk O\u00dc, rekisteritunnus: 16905890, on vastuussa henkil\u00f6tietojesi ker\u00e4\u00e4misest\u00e4, valvonnasta ja kunnioittamisesta. Yksityisyytesi on meille t\u00e4rke\u00e4\u00e4.<\/p>\n\n\n\n<h2 class=\"wp-block-heading\">Mit\u00e4 tietoja ker\u00e4\u00e4mme<\/h2>\n\n\n\n<p>Henkil\u00f6tietoja ovat tiedot, joiden avulla henkil\u00f6 voidaan tunnistaa.<\/p>\n\n\n\n<p>-Kotisivu\/uutiskirjeet. Kun teet tilauksen Moonsilkin verkkosivustolla, pyyd\u00e4mme etu- ja sukunime\u00e4si, yhteystietojasi, kuten s\u00e4hk\u00f6postiosoitettasi, posti-\/toimitusosoitettasi, sijaintisi, maasi, maksutietojasi ja tietoja tilaamastasi tuotteesta. Emme tallenna korttitietojasi, vaan maksusi k\u00e4sitell\u00e4\u00e4n turvallisen verkkomaksupalvelun tarjoajan kautta. Ker\u00e4\u00e4mme tietoja siit\u00e4, miten k\u00e4yt\u00e4t verkkosivustoamme, jotta voimme jatkuvasti parantaa k\u00e4ytt\u00e4j\u00e4kokemusta saamiemme tietojen perusteella.<\/p>\n\n\n\n<p>-Tekninen. Tiedot laitteista, joilla k\u00e4yt\u00e4t palveluitamme, selaintyyppi, aikavy\u00f6hyke ja sijainti.<\/p>\n\n\n\n<p>-Asiakaspalvelu. Kun otat yhteytt\u00e4 Moonsilkin asiakaspalveluun, joku tiimimme j\u00e4senist\u00e4 kysyy tietojasi, kuten nime\u00e4si tai s\u00e4hk\u00f6postiosoitettasi. Kun otat meihin yhteytt\u00e4 tilauksen osalta, sinua pyydet\u00e4\u00e4n antamaan lis\u00e4tietoja tilauksesta, kuten tilausnumero, tuotekuvaus tai muita yksityiskohtia.<\/p>\n\n\n\n<p>-Turismi. Moonsilk ker\u00e4\u00e4 tietoja siit\u00e4, haluatko saada markkinointiin liittyv\u00e4\u00e4 tietoa meilt\u00e4 ja miten haluat sit\u00e4 vastaanottaa.<\/p>\n\n\n\n<p>-Kampanjat ja kilpailut. Osallistuessasi kampanjaan tai arvontaan Moonsilk pyyt\u00e4\u00e4 yhteystietojasi - nimesi, s\u00e4hk\u00f6postiosoitteesi ja toimitusosoitteesi.<\/p>\n\n\n\n<p>-Transaktiot. Tiedot tilauksistasi (mukaan lukien yhteystietosi, sijaintisi, tapahtuman valuutta, tiedot tilatuista tuotteista, ostosumma, toimitustiedot jne.) ja tiedot tilauksiin liittyv\u00e4st\u00e4 viestinn\u00e4st\u00e4.<\/p>\n\n\n\n<p>Voit my\u00f6s antaa meille lis\u00e4tietoja ottamalla meihin suoraan yhteytt\u00e4.<\/p>\n\n\n\n<h2 class=\"wp-block-heading\">Miten ker\u00e4\u00e4mme tietoja<\/h2>\n\n\n\n<p>Moonsilk voi ker\u00e4t\u00e4 henkil\u00f6tietojasi seuraavilla tavoilla:<\/p>\n\n\n\n<p>-Voit antaa meille henkil\u00f6tietojasi suoran viestinn\u00e4n kautta ottamalla meihin yhteytt\u00e4 s\u00e4hk\u00f6postitse, puhelimitse tai postitse, t\u00e4ytt\u00e4m\u00e4ll\u00e4 erilaisia lomakkeita (kuten palautuslomakkeen) ja\/tai sy\u00f6tt\u00e4m\u00e4ll\u00e4 tietosi verkkoymp\u00e4rist\u00f6\u00f6n (esimerkiksi rekister\u00f6im\u00e4ll\u00e4 s\u00e4hk\u00f6postiosoitteesi saadaksesi uusimmat uutiset yrityksest\u00e4). T\u00e4h\u00e4n sis\u00e4ltyy my\u00f6s tuotteiden ostaminen verkkosivustoltamme, Moonsilkin seuraaminen sosiaalisessa mediassa, osallistuminen kampanjoihin ja kilpailuihin, yhteydenotto meihin kysymyksell\u00e4 jne.<\/p>\n\n\n\n<p>- kyky ker\u00e4t\u00e4 tietoja automaattisen viestinn\u00e4n avulla. T\u00e4llaisia tietoja ovat muun muassa selaustoimintasi ja -tapasi verkkosivustollamme vieraillessasi, vireill\u00e4 olevia tilauksia koskevat yhteystiedot, tekniset tiedot k\u00e4ytt\u00e4mist\u00e4si laitteista jne.<\/p>\n\n\n\n<p>- Moonsilk voi saada henkil\u00f6tietojasi my\u00f6s kolmansilta osapuolilta, kuten kuljetus- ja maksupalvelujen tarjoajilta.<\/p>\n\n\n\n<h2 class=\"wp-block-heading\">Miksi tarvitsemme tietoa ja miten k\u00e4yt\u00e4mme sit\u00e4<\/h2>\n\n\n\n<p>Moonsilk k\u00e4ytt\u00e4\u00e4 useita oikeusperustoja ker\u00e4tess\u00e4\u00e4n, k\u00e4ytt\u00e4ess\u00e4\u00e4n ja jakaessaan tietoja, mukaan lukien:<\/p>\n\n\n\n<p>- tiedot, joita tarvitaan palvelujen tarjoamiseen sinulle, esimerkiksi kun k\u00e4yt\u00e4mme tietojasi tilauksesi t\u00e4ytt\u00e4miseen, riitojen ratkaisemiseen tai asiakastuen tarjoamiseen;<\/p>\n\n\n\n<p>- jos olet antanut suostumuksesi, jonka voit peruuttaa milloin tahansa, esimerkiksi rekister\u00f6itym\u00e4ll\u00e4 postituslistallemme;<\/p>\n\n\n\n<p>- pit\u00e4\u00e4 sinut ajan tasalla uusimmista tarjouksista ja uutisista suostumuksellasi;<\/p>\n\n\n\n<p>-markkinatutkimuksen tekeminen;<\/p>\n\n\n\n<p>- pyyd\u00e4mme palautetta palveluistamme, jotta voimme parantaa ostokokemustasi;<\/p>\n\n\n\n<p>- jos se on tarpeen lakis\u00e4\u00e4teisen velvoitteen tai tuomioistuimen m\u00e4\u00e4r\u00e4yksen noudattamiseksi tai oikeudellisen vaateen yhteydess\u00e4, kuten ostojasi koskevien tietojen s\u00e4ilytt\u00e4miseksi verolains\u00e4\u00e4d\u00e4nn\u00f6n edellytt\u00e4m\u00e4ll\u00e4 tavalla; ja<\/p>\n\n\n\n<p>- kun se on tarpeen oikeutettujen etujemme mukaisesti, kuten palvelujen tarjoaminen ja parantaminen. K\u00e4yt\u00e4mme tietojasi tarjotaksemme sinulle palveluja ja parantaaksemme Moonsilkin tarjoamia palveluja.<\/p>\n\n\n\n<h2 class=\"wp-block-heading\">Tietojen jakaminen ja luovuttaminen<\/h2>\n\n\n\n<p>Asiakastiedot ovat t\u00e4rkeit\u00e4 liiketoiminnallemme. Jakaamme henkil\u00f6tietojasi hyvin rajoitetuista syist\u00e4 ja rajoitetuissa olosuhteissa seuraavasti:<\/p>\n\n\n\n<p>-Palveluntarjoajat. Liiketoimintojemme toteuttamiseksi ja palveluidemme tarjoamiseksi toimintoihimme osallistuu tiettyj\u00e4 luotettavia kolmansia osapuolia, kuten kuriiripalveluyrityksi\u00e4, maksujenk\u00e4sittelypalveluyrityksi\u00e4, ohjelmisto- ja IT-palveluyrityksi\u00e4, markkinointipalvelujen tarjoajia ja\/tai toimistoja, jotka tekev\u00e4t markkinatutkimuksia puolestamme. Jaamme henkil\u00f6tietojasi n\u00e4iden kolmansien osapuolten kanssa, mutta vain siin\u00e4 m\u00e4\u00e4rin kuin on tarpeen kyseisten palvelujen tarjoamiseksi.<\/p>\n\n\n\n<p>-Jos olet antanut suostumuksesi. Jos olet esimerkiksi antanut suostumuksesi saada markkinointimateriaalia tai tietoa kolmansilta osapuolilta niiden tuotteista ja palveluista, voimme antaa tietojasi n\u00e4ille kolmansille osapuolille, jotta ne voivat l\u00e4hett\u00e4\u00e4 sinulle asianmukaista markkinointia.<\/p>\n\n\n\n<p>-Transferit. Jos myymme yrityksesi, saatamme luovuttaa tietojasi osana kyseist\u00e4 kauppaa vain lain sallimissa rajoissa.<\/p>\n\n\n\n<p>- Lain noudattaminen. Voimme ker\u00e4t\u00e4, k\u00e4ytt\u00e4\u00e4, s\u00e4ilytt\u00e4\u00e4 ja jakaa tietojasi, kun uskomme vilpitt\u00f6m\u00e4ss\u00e4 mieless\u00e4, ett\u00e4 se on tarpeen: (a) vastaamaan oikeudenk\u00e4yntiin tai viranomaisten pyynt\u00f6ihin; (b) valvomaan sopimusten, ehtojen ja k\u00e4yt\u00e4nt\u00f6jen noudattamista; (c) ehk\u00e4isem\u00e4\u00e4n, tutkimaan ja k\u00e4sittelem\u00e4\u00e4n petoksia ja muita laittomia toimia, tietoturva- tai teknisi\u00e4 ongelmia; tai (d) toimimaan vilpitt\u00f6m\u00e4sti suojellaksemme asiakkaidemme oikeuksia, omaisuutta ja turvallisuutta.<\/p>\n\n\n\n<p>- Liikekumppanimme, jotka tarjoavat neuvonta-, kirjanpito-, pankki-, lakiasiain- tai vastaavia palveluja.<\/p>\n\n\n\n<div class=\"wp-block-stackable-heading stk-block-heading stk-block-heading--v2 stk-block stk-c0b021c\" id=\"turundus\" data-block-id=\"c0b021c\"><h2 class=\"stk-block-heading__text\">Markkinointi<\/h2><\/div>\n\n\n\n<p>L\u00e4het\u00e4mme sinulle markkinointimateriaalia tai myynninedist\u00e4mistarjouksia:<\/p>\n\n\n\n<p>- jos olet tehnyt ostoksen verkkosivustollamme tai osallistunut kampanjoihimme ja olet antanut suostumuksesi;<\/p>\n\n\n\n<p>-s\u00e4hk\u00f6postitse, jos olet rekister\u00f6itynyt verkkosivustollamme;<\/p>\n\n\n\n<p>- voimme l\u00e4hett\u00e4\u00e4 sinulle tietojesi perusteella kiinnostuksen kohteisiisi liittyvi\u00e4 tarjouksia;<\/p>\n\n\n\n<p>- Tilauksesi saattaa aika ajoin sis\u00e4lt\u00e4\u00e4 markkinointimateriaalia, joka saattaa kiinnostaa sinua;<\/p>\n\n\n\n<p>- kysymme mieltymyksi\u00e4si siit\u00e4, miten haluat saada markkinointia (s\u00e4hk\u00f6postitse, tilaamalla, postitse tai muulla tavoin).<\/p>\n\n\n\n<p>Sinulla on t\u00e4ysi kontrolli siit\u00e4, millaista markkinointia haluat meilt\u00e4 saada ja miten. Voit peruuttaa uutiskirjeemme milloin tahansa k\u00e4ytt\u00e4m\u00e4ll\u00e4 peruutuspainiketta. Jos sinulla on kysytt\u00e4v\u00e4\u00e4 tai huolenaiheita, ota meihin yhteytt\u00e4 osoitteeseen info@moonsilk.ee.<\/p>\n\n\n\n<div class=\"wp-block-stackable-heading stk-block-heading stk-block-heading--v2 stk-block stk-52cd8f3\" id=\"kupsised\" data-block-id=\"52cd8f3\"><h2 class=\"stk-block-heading__text\">Ev\u00e4steet<\/h2><\/div>\n\n\n\n<div class=\"wp-block-stackable-text stk-block-text stk-block stk-841a904\" data-block-id=\"841a904\"><p class=\"stk-block-text__text\">Ev\u00e4ste on tieto, joka l\u00e4hetet\u00e4\u00e4n laitteeseesi (kuten tietokoneeseen, tablettiin tai puhelimeen), kun vierailet verkkosivustolla. Verkkosivustomme k\u00e4ytt\u00e4\u00e4 ev\u00e4steit\u00e4 tarjotakseen sinulle parhaan mahdollisen k\u00e4ytt\u00f6kokemuksen verkkosivustollamme. Voit kielt\u00e4yty\u00e4 kaikista ev\u00e4steist\u00e4, mutta se voi est\u00e4\u00e4 joitakin verkkosivustomme osia toimimasta.<\/p><\/div>\n\n\n\n<div class=\"wp-block-stackable-heading stk-block-heading stk-block-heading--v2 stk-block stk-c15cd85\" id=\"andmete-sailitamine\" data-block-id=\"c15cd85\"><h2 class=\"stk-block-heading__text\">Tietojen s\u00e4ilytt\u00e4minen<\/h2><\/div>\n\n\n\n<div class=\"wp-block-stackable-text stk-block-text stk-block stk-f217bfd\" data-block-id=\"f217bfd\"><p class=\"stk-block-text__text\">S\u00e4ilyt\u00e4mme henkil\u00f6tietojasi vain niin kauan kuin on tarpeen. Tietoja saatetaan joutua s\u00e4ilytt\u00e4m\u00e4\u00e4n my\u00f6s lakis\u00e4\u00e4teisten ja lains\u00e4\u00e4d\u00e4nn\u00f6llisten velvoitteidemme noudattamiseksi, riitojen ratkaisemiseksi ja sopimustemme noudattamisen valvomiseksi. Jos sinulla on kysytt\u00e4v\u00e4\u00e4, ota yhteytt\u00e4 osoitteeseen info@moonsilk.ee.<\/p><\/div>\n\n\n\n<div class=\"wp-block-stackable-heading stk-block-heading stk-block-heading--v2 stk-block stk-b29c16b\" id=\"teie-oigused\" data-block-id=\"b29c16b\"><h2 class=\"stk-block-heading__text\">Sinun oikeutesi<\/h2><\/div>\n\n\n\n<p>Jos asut tietyill\u00e4 alueilla, kuten EU:ssa, sinulla on useita henkil\u00f6tietoihin liittyvi\u00e4 oikeuksia. Joitakin n\u00e4ist\u00e4 oikeuksista sovelletaan yleisesti, mutta tiettyj\u00e4 oikeuksia sovelletaan vain tietyiss\u00e4 rajoitetuissa olosuhteissa. Kuvaamme n\u00e4m\u00e4 oikeudet j\u00e4ljemp\u00e4n\u00e4:<\/p>\n\n\n\n<p>- P\u00e4\u00e4sy. Sinulla on oikeus saada tietoja sinusta hallussamme olevista tiedoista ottamalla meihin yhteytt\u00e4 s\u00e4hk\u00f6postitse osoitteeseen info@moonsilk.ee.<\/p>\n\n\n\n<p>-Muuttaa, rajoittaa, poistaa. Sinulla on oikeus muuttaa, rajoittaa henkil\u00f6tietojesi k\u00e4ytt\u00f6\u00e4 tai poistaa ne. Poikkeuksellisten olosuhteiden puuttuessa (esimerkiksi jos meid\u00e4n on s\u00e4ilytett\u00e4v\u00e4 tietoja oikeudellisista syist\u00e4) poistamme henkil\u00f6tietosi yleens\u00e4 pyynn\u00f6st\u00e4si.<\/p>\n\n\n\n<div class=\"wp-block-stackable-heading stk-block-heading stk-block-heading--v2 stk-block stk-252d45f\" id=\"kuidas-meiega-uhendust-votta\" data-block-id=\"252d45f\"><h2 class=\"stk-block-heading__text\">Kuinka ottaa meihin yhteytt\u00e4<\/h2><\/div>\n\n\n\n<p>EL Andmekaitseseaduse (GDPR) kohaselt on teie isikliku teabe vastutav t\u00f6\u00f6tleja Moonsilk<\/p>\n\n\n\n<p> LTD. Jos sinulla on kysytt\u00e4v\u00e4\u00e4 henkil\u00f6tiedoistasi, ota yhteytt\u00e4 osoitteeseen info@moonsilk.ee, niin autamme sinua mielell\u00e4mme.<\/p>\n\n\n\n<p>Yst\u00e4v\u00e4llisin terveisin<\/p>\n\n\n\n<p>Moonsilk<\/p>\n\n\n\n<p>Moonsilk O\u00dc<\/p>\n\n\n<div class=\"klaviyo-form-V5rEs8\"><\/div>","protected":false},"excerpt":{"rendered":"<p>Kes me oleme Moonsilk on veebikeskkonnas tegutsev 100% naturaalsest Mulberry siidist valmistatud toodete m\u00fc\u00fcja. K\u00f5ik meie kodulehel m\u00fc\u00fcgi olevad tooted on valmistatud 22 momme Mulberry siidist. Teie isikuandmete kogumise, kontrolli ja austamise eest vastutab Moonsilk O\u00dc, registrikood: 16905890. Teie privaatsus on meile oluline. Millist infot me kogume Isikuandmed h\u00f5lmavad teavet, millega on v\u00f5imalik isikut tuvastada. [&hellip;]<\/p>\n","protected":false},"author":1,"featured_media":0,"parent":0,"menu_order":0,"comment_status":"closed","ping_status":"closed","template":"","meta":{"postBodyCss":"","postBodyMargin":[],"postBodyPadding":[],"postBodyBackground":{"backgroundType":"classic","gradient":""},"enableOnePageScrollInPage":false,"onePageScrollCss":"body.gutenkit .gkit-one-page-scroll-dots { --navigation-color: #00ff0d; --navigation-color-active: #00ff0d; --navigation-color-hover: #00ff0d; --navigation-tooltip-arrow-color: #00ff0d; --navigation-tooltip-arrow-color-hover: #00ff0d; } body.gutenkit .gkit-one-page-scroll-dots li.gkit-one-page-scroll-dot .gkit-one-page-scroll-tooltip { color: #ffffff; background-color: #00ff0d; } body.gutenkit .gkit-one-page-scroll-dots li.gkit-one-page-scroll-dot .gkit-one-page-scroll-tooltip:hover { color: #fff; background-color: #00ff0d; }","onePageScrollSpeed":1000,"onePageScrollAnimation":"easeInOutQuad","onePageScrollShowDotNavigation":true,"onePageScrollNavigation":"scaleUp","onePageScrollNavigationPosition":"right","onePageScrollNavigationHorizontal":[],"onePageScrollNavigationVertical":[],"onePageScrollNavigationSpacing":[],"onePageScrollNavigationColor":"#00ff0d","onePageScrollNavigationColorHover":"#00ff0d","onePageScrollNavigationColorActive":"#00ff0d","onePageScrollNavigationIcon":[],"onePageScrollNavigationWidth":[],"onePageScrollNavigationWidthHover":[],"onePageScrollNavigationWidthActive":[],"onePageScrollNavigationHeight":[],"onePageScrollNavigationHeightHover":[],"onePageScrollNavigationHeightActive":[],"onePageScrollNavigationBorder":[],"onePageScrollNavigationBorderHover":[],"onePageScrollNavigationBorderActive":[],"onePageScrollNavigationBorderRadius":[],"onePageScrollNavigationBorderRadiusHover":[],"onePageScrollNavigationBorderRadiusActive":[],"onePageScrollNavigationTooltipTypography":[],"onePageScrollNavigationTooltipColor":"#ffffff","onePageScrollNavigationTooltipColorHover":"","onePageScrollNavigationTooltipBgColor":"#00ff0d","onePageScrollNavigationTooltipBgColorHover":"","onePageScrollNavigationTooltipPadding":[],"onePageScrollNavigationTooltipPaddingHover":[],"onePageScrollNavigationTooltipBorderRadius":[],"onePageScrollNavigationTooltipBorderRadiusHover":[],"pageSettingsCustomCss":"","footnotes":""},"class_list":["post-3","page","type-page","status-publish","hentry"],"blocksy_meta":[],"jetpack_sharing_enabled":true,"_links":{"self":[{"href":"https:\/\/moonsilk.ee\/fi\/wp-json\/wp\/v2\/pages\/3","targetHints":{"allow":["GET"]}}],"collection":[{"href":"https:\/\/moonsilk.ee\/fi\/wp-json\/wp\/v2\/pages"}],"about":[{"href":"https:\/\/moonsilk.ee\/fi\/wp-json\/wp\/v2\/types\/page"}],"author":[{"embeddable":true,"href":"https:\/\/moonsilk.ee\/fi\/wp-json\/wp\/v2\/users\/1"}],"replies":[{"embeddable":true,"href":"https:\/\/moonsilk.ee\/fi\/wp-json\/wp\/v2\/comments?post=3"}],"version-history":[{"count":10,"href":"https:\/\/moonsilk.ee\/fi\/wp-json\/wp\/v2\/pages\/3\/revisions"}],"predecessor-version":[{"id":9970,"href":"https:\/\/moonsilk.ee\/fi\/wp-json\/wp\/v2\/pages\/3\/revisions\/9970"}],"wp:attachment":[{"href":"https:\/\/moonsilk.ee\/fi\/wp-json\/wp\/v2\/media?parent=3"}],"curies":[{"name":"wp","href":"https:\/\/api.w.org\/{rel}","templated":true}]}}