{"id":2441,"date":"2024-11-29T11:06:25","date_gmt":"2024-11-29T09:06:25","guid":{"rendered":"https:\/\/moonsilk.ee\/?post_type=product&#038;p=2441"},"modified":"2026-05-11T23:55:02","modified_gmt":"2026-05-11T20:55:02","slug":"silkki-hiuskumi-scrunchie","status":"publish","type":"product","link":"https:\/\/moonsilk.ee\/fi\/tooted\/siidist-juuksekumm-scrunchie\/","title":{"rendered":"Silkki hiussolmio scrunchie"},"content":{"rendered":"","protected":false},"excerpt":{"rendered":"<p>Pehme\u00e4 silkkikumi, joka on hell\u00e4varainen hiuksillesi ja est\u00e4\u00e4 hiusten katkeamisen ja vahingoittumisen. 100% luonnollisesta 22 momme Mulberry-silkist\u00e4. Maailmanlaajuisesti arvostettua ylellisen kiiltonsa ja rakenteensa vuoksi.<\/p>","protected":false},"featured_media":2437,"comment_status":"open","ping_status":"closed","template":"","meta":{"postBodyCss":"","postBodyMargin":[],"postBodyPadding":[],"postBodyBackground":{"backgroundType":"classic","gradient":""},"enableOnePageScrollInPage":false,"onePageScrollCss":"","onePageScrollSpeed":1000,"onePageScrollAnimation":"easeInOutQuad","onePageScrollShowDotNavigation":true,"onePageScrollNavigation":"scaleUp","onePageScrollNavigationPosition":"right","onePageScrollNavigationHorizontal":[],"onePageScrollNavigationVertical":[],"onePageScrollNavigationSpacing":[],"onePageScrollNavigationColor":"#00ff0d","onePageScrollNavigationColorHover":"#00ff0d","onePageScrollNavigationColorActive":"#00ff0d","onePageScrollNavigationIcon":[],"onePageScrollNavigationWidth":[],"onePageScrollNavigationWidthHover":[],"onePageScrollNavigationWidthActive":[],"onePageScrollNavigationHeight":[],"onePageScrollNavigationHeightHover":[],"onePageScrollNavigationHeightActive":[],"onePageScrollNavigationBorder":[],"onePageScrollNavigationBorderHover":[],"onePageScrollNavigationBorderActive":[],"onePageScrollNavigationBorderRadius":[],"onePageScrollNavigationBorderRadiusHover":[],"onePageScrollNavigationBorderRadiusActive":[],"onePageScrollNavigationTooltipTypography":[],"onePageScrollNavigationTooltipColor":"#ffffff","onePageScrollNavigationTooltipColorHover":"","onePageScrollNavigationTooltipBgColor":"#00ff0d","onePageScrollNavigationTooltipBgColorHover":"","onePageScrollNavigationTooltipPadding":[],"onePageScrollNavigationTooltipPaddingHover":[],"onePageScrollNavigationTooltipBorderRadius":[],"onePageScrollNavigationTooltipBorderRadiusHover":[],"pageSettingsCustomCss":""},"product_brand":[],"product_cat":[80,286,56],"product_tag":[34,32,58,61,42,59,57,60],"class_list":{"0":"post-2441","1":"product","2":"type-product","3":"status-publish","4":"has-post-thumbnail","6":"product_cat-all","7":"product_cat-siid","8":"product_cat-siidist-juuksekummid","9":"product_tag-mooruspuu-siid","10":"product_tag-mulberry-siid","11":"product_tag-mulberry-siidist-juuksekumm","12":"product_tag-mulberry-siidist-scrunchie","13":"product_tag-naturaalne-siid","14":"product_tag-naturaalsest-siidist-juuksekumm","15":"product_tag-siidist-juuksekumm","16":"product_tag-siidist-scrucnhie","18":"first","19":"instock","20":"sale","21":"taxable","22":"shipping-taxable","23":"purchasable","24":"product-type-variable"},"bundled_by":[],"bundle_stock_status":"instock","bundle_stock_quantity":null,"bundle_virtual":false,"bundle_layout":"","bundle_add_to_cart_form_location":"","bundle_editable_in_cart":false,"bundle_sold_individually_context":"","bundle_item_grouping":"","bundle_min_size":"","bundle_max_size":"","bundle_price":[],"bundled_items":[],"bundle_sell_ids":[],"supplier_id":null,"supplier_sku":"","barcode":null,"atum_controlled":true,"out_stock_date":null,"out_stock_threshold":null,"inheritable":true,"inbound_stock":0,"stock_on_hold":0,"sold_today":0,"sales_last_days":5,"reserved_stock":0,"customer_returns":0,"warehouse_damage":0,"lost_in_post":0,"other_logs":0,"out_stock_days":0,"lost_sales":0,"has_location":false,"update_date":"2026-05-12T20:54:02","atum_locations":[],"atum_stock_status":"instock","restock_status":false,"low_stock_amount":"","sales_update_date":"2026-05-11T01:17:54","calc_backorders":null,"jetpack_sharing_enabled":true,"_links":{"self":[{"href":"https:\/\/moonsilk.ee\/fi\/wp-json\/wp\/v2\/product\/2441","targetHints":{"allow":["GET"]}}],"collection":[{"href":"https:\/\/moonsilk.ee\/fi\/wp-json\/wp\/v2\/product"}],"about":[{"href":"https:\/\/moonsilk.ee\/fi\/wp-json\/wp\/v2\/types\/product"}],"replies":[{"embeddable":true,"href":"https:\/\/moonsilk.ee\/fi\/wp-json\/wp\/v2\/comments?post=2441"}],"wp:featuredmedia":[{"embeddable":true,"href":"https:\/\/moonsilk.ee\/fi\/wp-json\/wp\/v2\/media\/2437"}],"wp:attachment":[{"href":"https:\/\/moonsilk.ee\/fi\/wp-json\/wp\/v2\/media?parent=2441"}],"wp:term":[{"taxonomy":"product_brand","embeddable":true,"href":"https:\/\/moonsilk.ee\/fi\/wp-json\/wp\/v2\/product_brand?post=2441"},{"taxonomy":"product_cat","embeddable":true,"href":"https:\/\/moonsilk.ee\/fi\/wp-json\/wp\/v2\/product_cat?post=2441"},{"taxonomy":"product_tag","embeddable":true,"href":"https:\/\/moonsilk.ee\/fi\/wp-json\/wp\/v2\/product_tag?post=2441"}],"curies":[{"name":"wp","href":"https:\/\/api.w.org\/{rel}","templated":true}]}}