{"id":5853,"date":"2025-09-19T14:24:44","date_gmt":"2025-09-19T11:24:44","guid":{"rendered":"https:\/\/moonsilk.ee\/?post_type=product&#038;p=5853"},"modified":"2026-05-12T16:00:20","modified_gmt":"2026-05-12T13:00:20","slug":"liinavaatesetti-jossa-on-silkkinen-kumipaallysteinen-huopapussi-ja-2-tyynyliinaa","status":"publish","type":"product","link":"https:\/\/moonsilk.ee\/fi\/tooted\/voodipesukomplekt-siidist-kummiga-lina-tekikott-ja-2-padjapuuri\/","title":{"rendered":"Vuodevaatesetti - silkkipussilakana, joustava lakana ja 2 tyynyliinaa."},"content":{"rendered":"","protected":false},"excerpt":{"rendered":"<p>100% luonnon silkki vuodevaatteet, valmistettu korkealaatuisesta 6A luokan mulperisilkist\u00e4. Silkin tiheys 22 momme. Setti sis\u00e4lt\u00e4\u00e4: silkkinen pussilakana, silkkinen lakana, jossa on kuminauha, 2kpl silkkinen tyynyliina ja lahjapakkaus. OEKO-TEX-sertifikaatti. Silkkipeittopussi, joustinpussilakana ja tyynyliinat on pakattu kauniiseen Moonsilk-logolla varustettuun lahjalaatikkoon, joten setti sopii erinomaisesti my\u00f6s lahjaksi.<\/p>","protected":false},"featured_media":6046,"comment_status":"open","ping_status":"closed","template":"","meta":{"postBodyCss":"","postBodyMargin":[],"postBodyPadding":[],"postBodyBackground":{"backgroundType":"classic","gradient":""},"enableOnePageScrollInPage":false,"onePageScrollCss":"","onePageScrollSpeed":1000,"onePageScrollAnimation":"easeInOutQuad","onePageScrollShowDotNavigation":true,"onePageScrollNavigation":"scaleUp","onePageScrollNavigationPosition":"right","onePageScrollNavigationHorizontal":[],"onePageScrollNavigationVertical":[],"onePageScrollNavigationSpacing":[],"onePageScrollNavigationColor":"#00ff0d","onePageScrollNavigationColorHover":"#00ff0d","onePageScrollNavigationColorActive":"#00ff0d","onePageScrollNavigationIcon":[],"onePageScrollNavigationWidth":[],"onePageScrollNavigationWidthHover":[],"onePageScrollNavigationWidthActive":[],"onePageScrollNavigationHeight":[],"onePageScrollNavigationHeightHover":[],"onePageScrollNavigationHeightActive":[],"onePageScrollNavigationBorder":[],"onePageScrollNavigationBorderHover":[],"onePageScrollNavigationBorderActive":[],"onePageScrollNavigationBorderRadius":[],"onePageScrollNavigationBorderRadiusHover":[],"onePageScrollNavigationBorderRadiusActive":[],"onePageScrollNavigationTooltipTypography":[],"onePageScrollNavigationTooltipColor":"#ffffff","onePageScrollNavigationTooltipColorHover":"","onePageScrollNavigationTooltipBgColor":"#00ff0d","onePageScrollNavigationTooltipBgColorHover":"","onePageScrollNavigationTooltipPadding":[],"onePageScrollNavigationTooltipPaddingHover":[],"onePageScrollNavigationTooltipBorderRadius":[],"onePageScrollNavigationTooltipBorderRadiusHover":[],"pageSettingsCustomCss":""},"product_brand":[],"product_cat":[283,80,295],"product_tag":[303,29,30,298,304,305,302,31,297,300,296,301,299],"class_list":{"0":"post-5853","1":"product","2":"type-product","3":"status-publish","4":"has-post-thumbnail","6":"product_cat-kingitused","7":"product_cat-all","8":"product_cat-siidist-voodipesu","9":"product_tag-lina","10":"product_tag-padjapuur","11":"product_tag-siid-padjapuur","12":"product_tag-siid-tekikott","13":"product_tag-siidi-lina","14":"product_tag-siidist-kummiga-lina","15":"product_tag-siidist-lina","16":"product_tag-siidist-padjapuur","17":"product_tag-siidist-tekikott","18":"product_tag-siidist-voodipesukomlekt","19":"product_tag-tekikott","20":"product_tag-voodipesu","21":"product_tag-voodipesukomplekt","23":"first","24":"instock","25":"sale","26":"taxable","27":"shipping-taxable","28":"purchasable","29":"product-type-variable"},"bundled_by":[],"bundle_stock_status":"instock","bundle_stock_quantity":null,"bundle_virtual":false,"bundle_layout":"","bundle_add_to_cart_form_location":"","bundle_editable_in_cart":false,"bundle_sold_individually_context":"","bundle_item_grouping":"","bundle_min_size":"","bundle_max_size":"","bundle_price":[],"bundled_items":[],"bundle_sell_ids":[],"supplier_id":null,"supplier_sku":"","barcode":null,"atum_controlled":true,"out_stock_date":null,"out_stock_threshold":null,"inheritable":true,"inbound_stock":0,"stock_on_hold":0,"sold_today":0,"sales_last_days":1,"reserved_stock":0,"customer_returns":0,"warehouse_damage":0,"lost_in_post":0,"other_logs":0,"out_stock_days":0,"lost_sales":0,"has_location":false,"update_date":"2026-05-12T12:58:28","atum_locations":[],"atum_stock_status":"instock","restock_status":false,"low_stock_amount":"","sales_update_date":"2026-05-12T12:58:28","calc_backorders":null,"jetpack_sharing_enabled":true,"_links":{"self":[{"href":"https:\/\/moonsilk.ee\/fi\/wp-json\/wp\/v2\/product\/5853","targetHints":{"allow":["GET"]}}],"collection":[{"href":"https:\/\/moonsilk.ee\/fi\/wp-json\/wp\/v2\/product"}],"about":[{"href":"https:\/\/moonsilk.ee\/fi\/wp-json\/wp\/v2\/types\/product"}],"replies":[{"embeddable":true,"href":"https:\/\/moonsilk.ee\/fi\/wp-json\/wp\/v2\/comments?post=5853"}],"wp:featuredmedia":[{"embeddable":true,"href":"https:\/\/moonsilk.ee\/fi\/wp-json\/wp\/v2\/media\/6046"}],"wp:attachment":[{"href":"https:\/\/moonsilk.ee\/fi\/wp-json\/wp\/v2\/media?parent=5853"}],"wp:term":[{"taxonomy":"product_brand","embeddable":true,"href":"https:\/\/moonsilk.ee\/fi\/wp-json\/wp\/v2\/product_brand?post=5853"},{"taxonomy":"product_cat","embeddable":true,"href":"https:\/\/moonsilk.ee\/fi\/wp-json\/wp\/v2\/product_cat?post=5853"},{"taxonomy":"product_tag","embeddable":true,"href":"https:\/\/moonsilk.ee\/fi\/wp-json\/wp\/v2\/product_tag?post=5853"}],"curies":[{"name":"wp","href":"https:\/\/api.w.org\/{rel}","templated":true}]}}