{"id":9189,"date":"2026-02-18T13:14:57","date_gmt":"2026-02-18T11:14:57","guid":{"rendered":"https:\/\/moonsilk.ee\/?post_type=product&#038;p=9189"},"modified":"2026-04-07T16:56:54","modified_gmt":"2026-04-07T13:56:54","slug":"silkki-unimaski-saadettavissa","status":"publish","type":"product","link":"https:\/\/moonsilk.ee\/fi\/tooted\/siidist-magamismask-reguleeritav\/","title":{"rendered":"Silkki unimaski s\u00e4\u00e4dett\u00e4viss\u00e4"},"content":{"rendered":"","protected":false},"excerpt":{"rendered":"<p>S\u00e4\u00e4dett\u00e4v\u00e4 unimaski, joka on valmistettu korkealaatuisesta 6A-luokan mulperisilkist\u00e4. Silkkitiheys 22 momme. OEKO-TEX-sertifiointi.<\/p>","protected":false},"featured_media":9206,"comment_status":"open","ping_status":"closed","template":"","meta":{"postBodyCss":"","postBodyMargin":[],"postBodyPadding":[],"postBodyBackground":{"backgroundType":"classic","gradient":""},"enableOnePageScrollInPage":false,"onePageScrollCss":"","onePageScrollSpeed":1000,"onePageScrollAnimation":"easeInOutQuad","onePageScrollShowDotNavigation":true,"onePageScrollNavigation":"scaleUp","onePageScrollNavigationPosition":"right","onePageScrollNavigationHorizontal":[],"onePageScrollNavigationVertical":[],"onePageScrollNavigationSpacing":[],"onePageScrollNavigationColor":"#00ff0d","onePageScrollNavigationColorHover":"#00ff0d","onePageScrollNavigationColorActive":"#00ff0d","onePageScrollNavigationIcon":[],"onePageScrollNavigationWidth":[],"onePageScrollNavigationWidthHover":[],"onePageScrollNavigationWidthActive":[],"onePageScrollNavigationHeight":[],"onePageScrollNavigationHeightHover":[],"onePageScrollNavigationHeightActive":[],"onePageScrollNavigationBorder":[],"onePageScrollNavigationBorderHover":[],"onePageScrollNavigationBorderActive":[],"onePageScrollNavigationBorderRadius":[],"onePageScrollNavigationBorderRadiusHover":[],"onePageScrollNavigationBorderRadiusActive":[],"onePageScrollNavigationTooltipTypography":[],"onePageScrollNavigationTooltipColor":"#ffffff","onePageScrollNavigationTooltipColorHover":"","onePageScrollNavigationTooltipBgColor":"#00ff0d","onePageScrollNavigationTooltipBgColorHover":"","onePageScrollNavigationTooltipPadding":[],"onePageScrollNavigationTooltipPaddingHover":[],"onePageScrollNavigationTooltipBorderRadius":[],"onePageScrollNavigationTooltipBorderRadiusHover":[],"pageSettingsCustomCss":""},"product_brand":[],"product_cat":[80,286,63],"product_tag":[68,69,34,32,66,67,42,70,71,399,400,64,65],"class_list":{"0":"post-9189","1":"product","2":"type-product","3":"status-publish","4":"has-post-thumbnail","6":"product_cat-all","7":"product_cat-siid","8":"product_cat-siidist-magamismaskid","9":"product_tag-22-momme-siid","10":"product_tag-22-momme-siidist-magamismask","11":"product_tag-mooruspuu-siid","12":"product_tag-mulberry-siid","13":"product_tag-mulberry-siidist-magamismask","14":"product_tag-mulberry-siidist-silmamask","15":"product_tag-naturaalne-siid","16":"product_tag-naturaalsest-siidist-magamismask","17":"product_tag-naturaalsest-siidist-silmamask","18":"product_tag-reguleeritav-magamismask","19":"product_tag-reguleeritav-unemask","20":"product_tag-siidist-magamismask","21":"product_tag-siidist-silmamask","23":"first","24":"instock","25":"sale","26":"shipping-taxable","27":"purchasable","28":"product-type-variable"},"bundled_by":[],"bundle_stock_status":"instock","bundle_stock_quantity":null,"bundle_virtual":false,"bundle_layout":"","bundle_add_to_cart_form_location":"","bundle_editable_in_cart":false,"bundle_sold_individually_context":"","bundle_item_grouping":"","bundle_min_size":"","bundle_max_size":"","bundle_price":[],"bundled_items":[],"bundle_sell_ids":[],"supplier_id":null,"supplier_sku":"","barcode":null,"atum_controlled":true,"out_stock_date":null,"out_stock_threshold":null,"inheritable":true,"inbound_stock":0,"stock_on_hold":0,"sold_today":0,"sales_last_days":1,"reserved_stock":0,"customer_returns":0,"warehouse_damage":0,"lost_in_post":0,"other_logs":0,"out_stock_days":0,"lost_sales":0,"has_location":false,"update_date":"2026-04-16T00:08:45","atum_locations":[],"atum_stock_status":"instock","restock_status":false,"low_stock_amount":"","sales_update_date":"2026-04-16T00:08:45","calc_backorders":null,"jetpack_sharing_enabled":true,"_links":{"self":[{"href":"https:\/\/moonsilk.ee\/fi\/wp-json\/wp\/v2\/product\/9189","targetHints":{"allow":["GET"]}}],"collection":[{"href":"https:\/\/moonsilk.ee\/fi\/wp-json\/wp\/v2\/product"}],"about":[{"href":"https:\/\/moonsilk.ee\/fi\/wp-json\/wp\/v2\/types\/product"}],"replies":[{"embeddable":true,"href":"https:\/\/moonsilk.ee\/fi\/wp-json\/wp\/v2\/comments?post=9189"}],"wp:featuredmedia":[{"embeddable":true,"href":"https:\/\/moonsilk.ee\/fi\/wp-json\/wp\/v2\/media\/9206"}],"wp:attachment":[{"href":"https:\/\/moonsilk.ee\/fi\/wp-json\/wp\/v2\/media?parent=9189"}],"wp:term":[{"taxonomy":"product_brand","embeddable":true,"href":"https:\/\/moonsilk.ee\/fi\/wp-json\/wp\/v2\/product_brand?post=9189"},{"taxonomy":"product_cat","embeddable":true,"href":"https:\/\/moonsilk.ee\/fi\/wp-json\/wp\/v2\/product_cat?post=9189"},{"taxonomy":"product_tag","embeddable":true,"href":"https:\/\/moonsilk.ee\/fi\/wp-json\/wp\/v2\/product_tag?post=9189"}],"curies":[{"name":"wp","href":"https:\/\/api.w.org\/{rel}","templated":true}]}}