{"id":9520,"date":"2026-03-09T21:17:12","date_gmt":"2026-03-09T19:17:12","guid":{"rendered":"https:\/\/moonsilk.ee\/?post_type=product&#038;p=9520"},"modified":"2026-04-27T15:41:04","modified_gmt":"2026-04-27T12:41:04","slug":"eripakkumine-komplekt-4-siidist-padjapuuri-lukuga","status":"publish","type":"product","link":"https:\/\/moonsilk.ee\/fi\/tooted\/eripakkumine-komplekt-4-siidist-padjapuuri-lukuga\/","title":{"rendered":"Eripakkumine ainult 8.aprillil! Komplekt &#8211; 4 siidist padjap\u00fc\u00fcri lukuga"},"content":{"rendered":"","protected":false},"excerpt":{"rendered":"<p>Enneolematult hea pakkumine vaid 1 p\u00e4ev! 4tk siidist padjap\u00fc\u00fcride komplekt al. 32,5\u20ac\/tk. Padjap\u00fc\u00fcrid lukuga, mis on valmistatud k\u00f5rgeima kvaliteediga 6A klassi mooruspuu siidist. Siidi tihedus 22 momme. OEKO-TEX sertifikaat. Komplektis 4 padjap\u00fc\u00fcri. Moonsilk siidist padjap\u00fc\u00fcr sai Buduaar Ilulemmik 2025 ning Anne &amp; Stiil Ilulemmik 2026 tiitli. Valides pakendiks kinkekarbi, saadame tooted kahes kinkekarbis.<\/p>","protected":false},"featured_media":1568,"comment_status":"open","ping_status":"closed","template":"","meta":{"postBodyCss":"","postBodyMargin":[],"postBodyPadding":[],"postBodyBackground":{"backgroundType":"classic","gradient":""},"enableOnePageScrollInPage":false,"onePageScrollCss":"","onePageScrollSpeed":1000,"onePageScrollAnimation":"easeInOutQuad","onePageScrollShowDotNavigation":true,"onePageScrollNavigation":"scaleUp","onePageScrollNavigationPosition":"right","onePageScrollNavigationHorizontal":[],"onePageScrollNavigationVertical":[],"onePageScrollNavigationSpacing":[],"onePageScrollNavigationColor":"#00ff0d","onePageScrollNavigationColorHover":"#00ff0d","onePageScrollNavigationColorActive":"#00ff0d","onePageScrollNavigationIcon":[],"onePageScrollNavigationWidth":[],"onePageScrollNavigationWidthHover":[],"onePageScrollNavigationWidthActive":[],"onePageScrollNavigationHeight":[],"onePageScrollNavigationHeightHover":[],"onePageScrollNavigationHeightActive":[],"onePageScrollNavigationBorder":[],"onePageScrollNavigationBorderHover":[],"onePageScrollNavigationBorderActive":[],"onePageScrollNavigationBorderRadius":[],"onePageScrollNavigationBorderRadiusHover":[],"onePageScrollNavigationBorderRadiusActive":[],"onePageScrollNavigationTooltipTypography":[],"onePageScrollNavigationTooltipColor":"#ffffff","onePageScrollNavigationTooltipColorHover":"","onePageScrollNavigationTooltipBgColor":"#00ff0d","onePageScrollNavigationTooltipBgColorHover":"","onePageScrollNavigationTooltipPadding":[],"onePageScrollNavigationTooltipPaddingHover":[],"onePageScrollNavigationTooltipBorderRadius":[],"onePageScrollNavigationTooltipBorderRadiusHover":[],"pageSettingsCustomCss":""},"product_brand":[],"product_cat":[80,286,27],"product_tag":[34,35,32,33,29,30,31],"class_list":{"0":"post-9520","1":"product","2":"type-product","3":"status-publish","4":"has-post-thumbnail","6":"product_cat-all","7":"product_cat-siid","8":"product_cat-siidist-padjapuurid","9":"product_tag-mooruspuu-siid","10":"product_tag-mooruspuu-siidist-padjapuur","11":"product_tag-mulberry-siid","12":"product_tag-mulberry-siidist-padjapuur","13":"product_tag-padjapuur","14":"product_tag-siid-padjapuur","15":"product_tag-siidist-padjapuur","17":"first","18":"onbackorder","19":"sale","20":"taxable","21":"shipping-taxable","22":"purchasable","23":"product-type-variable"},"bundled_by":[],"bundle_stock_status":"onbackorder","bundle_stock_quantity":0,"bundle_virtual":false,"bundle_layout":"","bundle_add_to_cart_form_location":"","bundle_editable_in_cart":false,"bundle_sold_individually_context":"","bundle_item_grouping":"","bundle_min_size":"","bundle_max_size":"","bundle_price":[],"bundled_items":[],"bundle_sell_ids":[],"supplier_id":null,"supplier_sku":"","barcode":null,"atum_controlled":true,"out_stock_date":"2026-03-09 21:17:13","out_stock_threshold":null,"inheritable":true,"inbound_stock":null,"stock_on_hold":0,"sold_today":0,"sales_last_days":0,"reserved_stock":null,"customer_returns":null,"warehouse_damage":null,"lost_in_post":null,"other_logs":null,"out_stock_days":48,"lost_sales":0,"has_location":false,"update_date":"2026-04-27T12:41:04","atum_locations":[],"atum_stock_status":"onbackorder","restock_status":false,"low_stock_amount":"","sales_update_date":"2026-04-27T00:26:26","calc_backorders":0,"jetpack_sharing_enabled":true,"_links":{"self":[{"href":"https:\/\/moonsilk.ee\/fi\/wp-json\/wp\/v2\/product\/9520","targetHints":{"allow":["GET"]}}],"collection":[{"href":"https:\/\/moonsilk.ee\/fi\/wp-json\/wp\/v2\/product"}],"about":[{"href":"https:\/\/moonsilk.ee\/fi\/wp-json\/wp\/v2\/types\/product"}],"replies":[{"embeddable":true,"href":"https:\/\/moonsilk.ee\/fi\/wp-json\/wp\/v2\/comments?post=9520"}],"wp:featuredmedia":[{"embeddable":true,"href":"https:\/\/moonsilk.ee\/fi\/wp-json\/wp\/v2\/media\/1568"}],"wp:attachment":[{"href":"https:\/\/moonsilk.ee\/fi\/wp-json\/wp\/v2\/media?parent=9520"}],"wp:term":[{"taxonomy":"product_brand","embeddable":true,"href":"https:\/\/moonsilk.ee\/fi\/wp-json\/wp\/v2\/product_brand?post=9520"},{"taxonomy":"product_cat","embeddable":true,"href":"https:\/\/moonsilk.ee\/fi\/wp-json\/wp\/v2\/product_cat?post=9520"},{"taxonomy":"product_tag","embeddable":true,"href":"https:\/\/moonsilk.ee\/fi\/wp-json\/wp\/v2\/product_tag?post=9520"}],"curies":[{"name":"wp","href":"https:\/\/api.w.org\/{rel}","templated":true}]}}