{"id":9615,"date":"2026-03-27T23:50:51","date_gmt":"2026-03-27T21:50:51","guid":{"rendered":"https:\/\/moonsilk.ee\/?post_type=product&#038;p=9615"},"modified":"2026-04-07T10:10:12","modified_gmt":"2026-04-07T07:10:12","slug":"siidist-padjapuur-lukuga-triibuline","status":"publish","type":"product","link":"https:\/\/moonsilk.ee\/fi\/tooted\/siidist-padjapuur-lukuga-triibuline\/","title":{"rendered":"Roosa triibuline siidist padjap\u00fc\u00fcr lukuga"},"content":{"rendered":"","protected":false},"excerpt":{"rendered":"<p>Tyynyliina lukolla, valmistettu korkealaatuisesta 6A-luokan mulperisilkist\u00e4. Silkin tiheys 22 momme. OEKO-TEX-sertifiointi.<\/p>","protected":false},"featured_media":9652,"comment_status":"open","ping_status":"closed","template":"","meta":{"postBodyCss":"","postBodyMargin":[],"postBodyPadding":[],"postBodyBackground":{"backgroundType":"classic","gradient":""},"enableOnePageScrollInPage":false,"onePageScrollCss":"","onePageScrollSpeed":1000,"onePageScrollAnimation":"easeInOutQuad","onePageScrollShowDotNavigation":true,"onePageScrollNavigation":"scaleUp","onePageScrollNavigationPosition":"right","onePageScrollNavigationHorizontal":[],"onePageScrollNavigationVertical":[],"onePageScrollNavigationSpacing":[],"onePageScrollNavigationColor":"#00ff0d","onePageScrollNavigationColorHover":"#00ff0d","onePageScrollNavigationColorActive":"#00ff0d","onePageScrollNavigationIcon":[],"onePageScrollNavigationWidth":[],"onePageScrollNavigationWidthHover":[],"onePageScrollNavigationWidthActive":[],"onePageScrollNavigationHeight":[],"onePageScrollNavigationHeightHover":[],"onePageScrollNavigationHeightActive":[],"onePageScrollNavigationBorder":[],"onePageScrollNavigationBorderHover":[],"onePageScrollNavigationBorderActive":[],"onePageScrollNavigationBorderRadius":[],"onePageScrollNavigationBorderRadiusHover":[],"onePageScrollNavigationBorderRadiusActive":[],"onePageScrollNavigationTooltipTypography":[],"onePageScrollNavigationTooltipColor":"#ffffff","onePageScrollNavigationTooltipColorHover":"","onePageScrollNavigationTooltipBgColor":"#00ff0d","onePageScrollNavigationTooltipBgColorHover":"","onePageScrollNavigationTooltipPadding":[],"onePageScrollNavigationTooltipPaddingHover":[],"onePageScrollNavigationTooltipBorderRadius":[],"onePageScrollNavigationTooltipBorderRadiusHover":[],"pageSettingsCustomCss":""},"product_brand":[],"product_cat":[80,286,27],"product_tag":[147,34,35,32,33,29,30,97,31,96,94,95],"class_list":{"0":"post-9615","1":"product","2":"type-product","3":"status-publish","4":"has-post-thumbnail","6":"product_cat-all","7":"product_cat-siid","8":"product_cat-siidist-padjapuurid","9":"product_tag-highlight","10":"product_tag-mooruspuu-siid","11":"product_tag-mooruspuu-siidist-padjapuur","12":"product_tag-mulberry-siid","13":"product_tag-mulberry-siidist-padjapuur","14":"product_tag-padjapuur","15":"product_tag-siid-padjapuur","16":"product_tag-siid-voodipesu","17":"product_tag-siidist-padjapuur","18":"product_tag-siidist-padjapuur-50x60","19":"product_tag-siidist-padjapuurid","20":"product_tag-siidist-voodipesu","22":"first","23":"instock","24":"sale","25":"shipping-taxable","26":"purchasable","27":"product-type-variable"},"bundled_by":[],"bundle_stock_status":"instock","bundle_stock_quantity":null,"bundle_virtual":false,"bundle_layout":"","bundle_add_to_cart_form_location":"","bundle_editable_in_cart":false,"bundle_sold_individually_context":"","bundle_item_grouping":"","bundle_min_size":"","bundle_max_size":"","bundle_price":[],"bundled_items":[],"bundle_sell_ids":[],"supplier_id":null,"supplier_sku":"","barcode":null,"atum_controlled":true,"out_stock_date":null,"out_stock_threshold":null,"inheritable":true,"inbound_stock":null,"stock_on_hold":0,"sold_today":0,"sales_last_days":0,"reserved_stock":null,"customer_returns":null,"warehouse_damage":null,"lost_in_post":null,"other_logs":null,"out_stock_days":0,"lost_sales":0,"has_location":false,"update_date":"2026-04-09T01:52:37","atum_locations":[],"atum_stock_status":"instock","restock_status":false,"low_stock_amount":"","sales_update_date":"2026-04-09T01:52:37","calc_backorders":null,"yoast_head":"<!-- This site is optimized with the Yoast SEO plugin v27.3 - https:\/\/yoast.com\/product\/yoast-seo-wordpress\/ -->\n<title>Roosa triibuline siidist padjap\u00fc\u00fcr lukuga - moonsilk.ee<\/title>\n<meta name=\"robots\" content=\"index, follow, max-snippet:-1, max-image-preview:large, max-video-preview:-1\" \/>\n<link rel=\"canonical\" href=\"https:\/\/moonsilk.ee\/fi\/tuotteet\/siidist-padjapuur-lukuga-triibuline\/\" \/>\n<meta property=\"og:locale\" content=\"fi_FI\" \/>\n<meta property=\"og:type\" content=\"article\" \/>\n<meta property=\"og:title\" content=\"Roosa triibuline siidist padjap\u00fc\u00fcr lukuga - moonsilk.ee\" \/>\n<meta property=\"og:description\" content=\"Padjap\u00fc\u00fcr lukuga, mis on valmistatud k\u00f5rgeima kvaliteediga 6A klassi mooruspuu siidist. Siidi tihedus 22 momme. OEKO-TEX sertifikaat.\" \/>\n<meta property=\"og:url\" content=\"https:\/\/moonsilk.ee\/fi\/tuotteet\/siidist-padjapuur-lukuga-triibuline\/\" \/>\n<meta property=\"og:site_name\" content=\"moonsilk.ee\" \/>\n<meta property=\"article:publisher\" content=\"https:\/\/www.facebook.com\/profile.php?id=61555922022926\" \/>\n<meta property=\"article:modified_time\" content=\"2026-04-07T07:10:12+00:00\" \/>\n<meta property=\"og:image\" content=\"https:\/\/moonsilk.ee\/wp-content\/uploads\/2026\/03\/Pillowcase-triibiline-roosa.png\" \/>\n\t<meta property=\"og:image:width\" content=\"1000\" \/>\n\t<meta property=\"og:image:height\" content=\"1250\" \/>\n\t<meta property=\"og:image:type\" content=\"image\/png\" \/>\n<meta name=\"twitter:card\" content=\"summary_large_image\" \/>\n<meta name=\"twitter:label1\" content=\"Arvioitu lukuaika\" \/>\n\t<meta name=\"twitter:data1\" content=\"1 minuutti\" \/>\n<script type=\"application\/ld+json\" class=\"yoast-schema-graph\">{\"@context\":\"https:\\\/\\\/schema.org\",\"@graph\":[{\"@type\":\"WebPage\",\"@id\":\"https:\\\/\\\/moonsilk.ee\\\/tooted\\\/siidist-padjapuur-lukuga-triibuline\\\/\",\"url\":\"https:\\\/\\\/moonsilk.ee\\\/tooted\\\/siidist-padjapuur-lukuga-triibuline\\\/\",\"name\":\"Roosa triibuline siidist padjap\u00fc\u00fcr lukuga - moonsilk.ee\",\"isPartOf\":{\"@id\":\"https:\\\/\\\/moonsilk.ee\\\/#website\"},\"primaryImageOfPage\":{\"@id\":\"https:\\\/\\\/moonsilk.ee\\\/tooted\\\/siidist-padjapuur-lukuga-triibuline\\\/#primaryimage\"},\"image\":{\"@id\":\"https:\\\/\\\/moonsilk.ee\\\/tooted\\\/siidist-padjapuur-lukuga-triibuline\\\/#primaryimage\"},\"thumbnailUrl\":\"https:\\\/\\\/moonsilk.ee\\\/wp-content\\\/uploads\\\/2026\\\/03\\\/Pillowcase-triibiline-roosa.png\",\"datePublished\":\"2026-03-27T21:50:51+00:00\",\"dateModified\":\"2026-04-07T07:10:12+00:00\",\"breadcrumb\":{\"@id\":\"https:\\\/\\\/moonsilk.ee\\\/tooted\\\/siidist-padjapuur-lukuga-triibuline\\\/#breadcrumb\"},\"inLanguage\":\"fi\",\"potentialAction\":[{\"@type\":\"ReadAction\",\"target\":[\"https:\\\/\\\/moonsilk.ee\\\/tooted\\\/siidist-padjapuur-lukuga-triibuline\\\/\"]}]},{\"@type\":\"ImageObject\",\"inLanguage\":\"fi\",\"@id\":\"https:\\\/\\\/moonsilk.ee\\\/tooted\\\/siidist-padjapuur-lukuga-triibuline\\\/#primaryimage\",\"url\":\"https:\\\/\\\/moonsilk.ee\\\/wp-content\\\/uploads\\\/2026\\\/03\\\/Pillowcase-triibiline-roosa.png\",\"contentUrl\":\"https:\\\/\\\/moonsilk.ee\\\/wp-content\\\/uploads\\\/2026\\\/03\\\/Pillowcase-triibiline-roosa.png\",\"width\":1000,\"height\":1250,\"caption\":\"Moonsilk siidist padjap\u00fc\u00fcr - roosa-valge triibuline\"},{\"@type\":\"BreadcrumbList\",\"@id\":\"https:\\\/\\\/moonsilk.ee\\\/tooted\\\/siidist-padjapuur-lukuga-triibuline\\\/#breadcrumb\",\"itemListElement\":[{\"@type\":\"ListItem\",\"position\":1,\"name\":\"Home\",\"item\":\"https:\\\/\\\/moonsilk.ee\\\/\"},{\"@type\":\"ListItem\",\"position\":2,\"name\":\"Tooted\",\"item\":\"https:\\\/\\\/moonsilk.ee\\\/tooted\\\/\"},{\"@type\":\"ListItem\",\"position\":3,\"name\":\"Roosa triibuline siidist padjap\u00fc\u00fcr lukuga\"}]},{\"@type\":\"WebSite\",\"@id\":\"https:\\\/\\\/moonsilk.ee\\\/#website\",\"url\":\"https:\\\/\\\/moonsilk.ee\\\/\",\"name\":\"moonsilk.ee\",\"description\":\"Parimad siidist padjap\u00fc\u00fcrid, voodipesu, \u00f6\u00f6riided jt ilutooted | Anne &amp; Stiil ilulemmi 2026 | Buduaari ilulemmik 2025 | 100% naturaalne siid\",\"publisher\":{\"@id\":\"https:\\\/\\\/moonsilk.ee\\\/#organization\"},\"potentialAction\":[{\"@type\":\"SearchAction\",\"target\":{\"@type\":\"EntryPoint\",\"urlTemplate\":\"https:\\\/\\\/moonsilk.ee\\\/?s={search_term_string}\"},\"query-input\":{\"@type\":\"PropertyValueSpecification\",\"valueRequired\":true,\"valueName\":\"search_term_string\"}}],\"inLanguage\":\"fi\"},{\"@type\":\"Organization\",\"@id\":\"https:\\\/\\\/moonsilk.ee\\\/#organization\",\"name\":\"moonsilk.ee\",\"url\":\"https:\\\/\\\/moonsilk.ee\\\/\",\"logo\":{\"@type\":\"ImageObject\",\"inLanguage\":\"fi\",\"@id\":\"https:\\\/\\\/moonsilk.ee\\\/#\\\/schema\\\/logo\\\/image\\\/\",\"url\":\"https:\\\/\\\/moonsilk.ee\\\/wp-content\\\/uploads\\\/2025\\\/10\\\/moonsilk-logo-web-2.svg\",\"contentUrl\":\"https:\\\/\\\/moonsilk.ee\\\/wp-content\\\/uploads\\\/2025\\\/10\\\/moonsilk-logo-web-2.svg\",\"width\":416,\"height\":136,\"caption\":\"moonsilk.ee\"},\"image\":{\"@id\":\"https:\\\/\\\/moonsilk.ee\\\/#\\\/schema\\\/logo\\\/image\\\/\"},\"sameAs\":[\"https:\\\/\\\/www.facebook.com\\\/profile.php?id=61555922022926\",\"https:\\\/\\\/www.instagram.com\\\/moonsilk_Ee\"]}]}<\/script>\n<!-- \/ Yoast SEO plugin. -->","yoast_head_json":{"title":"Roosa triibuline siidist padjap\u00fc\u00fcr lukuga - moonsilk.ee","robots":{"index":"index","follow":"follow","max-snippet":"max-snippet:-1","max-image-preview":"max-image-preview:large","max-video-preview":"max-video-preview:-1"},"canonical":"https:\/\/moonsilk.ee\/fi\/tuotteet\/siidist-padjapuur-lukuga-triibuline\/","og_locale":"fi_FI","og_type":"article","og_title":"Roosa triibuline siidist padjap\u00fc\u00fcr lukuga - moonsilk.ee","og_description":"Padjap\u00fc\u00fcr lukuga, mis on valmistatud k\u00f5rgeima kvaliteediga 6A klassi mooruspuu siidist. Siidi tihedus 22 momme. OEKO-TEX sertifikaat.","og_url":"https:\/\/moonsilk.ee\/fi\/tuotteet\/siidist-padjapuur-lukuga-triibuline\/","og_site_name":"moonsilk.ee","article_publisher":"https:\/\/www.facebook.com\/profile.php?id=61555922022926","article_modified_time":"2026-04-07T07:10:12+00:00","og_image":[{"width":1000,"height":1250,"url":"https:\/\/moonsilk.ee\/wp-content\/uploads\/2026\/03\/Pillowcase-triibiline-roosa.png","type":"image\/png"}],"twitter_card":"summary_large_image","twitter_misc":{"Arvioitu lukuaika":"1 minuutti"},"schema":{"@context":"https:\/\/schema.org","@graph":[{"@type":"WebPage","@id":"https:\/\/moonsilk.ee\/tooted\/siidist-padjapuur-lukuga-triibuline\/","url":"https:\/\/moonsilk.ee\/tooted\/siidist-padjapuur-lukuga-triibuline\/","name":"Roosa triibuline siidist padjap\u00fc\u00fcr lukuga - moonsilk.ee","isPartOf":{"@id":"https:\/\/moonsilk.ee\/#website"},"primaryImageOfPage":{"@id":"https:\/\/moonsilk.ee\/tooted\/siidist-padjapuur-lukuga-triibuline\/#primaryimage"},"image":{"@id":"https:\/\/moonsilk.ee\/tooted\/siidist-padjapuur-lukuga-triibuline\/#primaryimage"},"thumbnailUrl":"https:\/\/moonsilk.ee\/wp-content\/uploads\/2026\/03\/Pillowcase-triibiline-roosa.png","datePublished":"2026-03-27T21:50:51+00:00","dateModified":"2026-04-07T07:10:12+00:00","breadcrumb":{"@id":"https:\/\/moonsilk.ee\/tooted\/siidist-padjapuur-lukuga-triibuline\/#breadcrumb"},"inLanguage":"fi","potentialAction":[{"@type":"ReadAction","target":["https:\/\/moonsilk.ee\/tooted\/siidist-padjapuur-lukuga-triibuline\/"]}]},{"@type":"ImageObject","inLanguage":"fi","@id":"https:\/\/moonsilk.ee\/tooted\/siidist-padjapuur-lukuga-triibuline\/#primaryimage","url":"https:\/\/moonsilk.ee\/wp-content\/uploads\/2026\/03\/Pillowcase-triibiline-roosa.png","contentUrl":"https:\/\/moonsilk.ee\/wp-content\/uploads\/2026\/03\/Pillowcase-triibiline-roosa.png","width":1000,"height":1250,"caption":"Moonsilk siidist padjap\u00fc\u00fcr - roosa-valge triibuline"},{"@type":"BreadcrumbList","@id":"https:\/\/moonsilk.ee\/tooted\/siidist-padjapuur-lukuga-triibuline\/#breadcrumb","itemListElement":[{"@type":"ListItem","position":1,"name":"Home","item":"https:\/\/moonsilk.ee\/"},{"@type":"ListItem","position":2,"name":"Tooted","item":"https:\/\/moonsilk.ee\/tooted\/"},{"@type":"ListItem","position":3,"name":"Roosa triibuline siidist padjap\u00fc\u00fcr lukuga"}]},{"@type":"WebSite","@id":"https:\/\/moonsilk.ee\/#website","url":"https:\/\/moonsilk.ee\/","name":"moonsilk.ee","description":"Parimad siidist padjap\u00fc\u00fcrid, voodipesu, \u00f6\u00f6riided jt ilutooted | Anne &amp; Stiil ilulemmi 2026 | Buduaari ilulemmik 2025 | 100% naturaalne siid","publisher":{"@id":"https:\/\/moonsilk.ee\/#organization"},"potentialAction":[{"@type":"SearchAction","target":{"@type":"EntryPoint","urlTemplate":"https:\/\/moonsilk.ee\/?s={search_term_string}"},"query-input":{"@type":"PropertyValueSpecification","valueRequired":true,"valueName":"search_term_string"}}],"inLanguage":"fi"},{"@type":"Organization","@id":"https:\/\/moonsilk.ee\/#organization","name":"moonsilk.ee","url":"https:\/\/moonsilk.ee\/","logo":{"@type":"ImageObject","inLanguage":"fi","@id":"https:\/\/moonsilk.ee\/#\/schema\/logo\/image\/","url":"https:\/\/moonsilk.ee\/wp-content\/uploads\/2025\/10\/moonsilk-logo-web-2.svg","contentUrl":"https:\/\/moonsilk.ee\/wp-content\/uploads\/2025\/10\/moonsilk-logo-web-2.svg","width":416,"height":136,"caption":"moonsilk.ee"},"image":{"@id":"https:\/\/moonsilk.ee\/#\/schema\/logo\/image\/"},"sameAs":["https:\/\/www.facebook.com\/profile.php?id=61555922022926","https:\/\/www.instagram.com\/moonsilk_Ee"]}]}},"jetpack_sharing_enabled":true,"_links":{"self":[{"href":"https:\/\/moonsilk.ee\/fi\/wp-json\/wp\/v2\/product\/9615","targetHints":{"allow":["GET"]}}],"collection":[{"href":"https:\/\/moonsilk.ee\/fi\/wp-json\/wp\/v2\/product"}],"about":[{"href":"https:\/\/moonsilk.ee\/fi\/wp-json\/wp\/v2\/types\/product"}],"replies":[{"embeddable":true,"href":"https:\/\/moonsilk.ee\/fi\/wp-json\/wp\/v2\/comments?post=9615"}],"wp:featuredmedia":[{"embeddable":true,"href":"https:\/\/moonsilk.ee\/fi\/wp-json\/wp\/v2\/media\/9652"}],"wp:attachment":[{"href":"https:\/\/moonsilk.ee\/fi\/wp-json\/wp\/v2\/media?parent=9615"}],"wp:term":[{"taxonomy":"product_brand","embeddable":true,"href":"https:\/\/moonsilk.ee\/fi\/wp-json\/wp\/v2\/product_brand?post=9615"},{"taxonomy":"product_cat","embeddable":true,"href":"https:\/\/moonsilk.ee\/fi\/wp-json\/wp\/v2\/product_cat?post=9615"},{"taxonomy":"product_tag","embeddable":true,"href":"https:\/\/moonsilk.ee\/fi\/wp-json\/wp\/v2\/product_tag?post=9615"}],"curies":[{"name":"wp","href":"https:\/\/api.w.org\/{rel}","templated":true}]}}