{"id":9740,"date":"2026-04-06T08:55:10","date_gmt":"2026-04-06T05:55:10","guid":{"rendered":"https:\/\/moonsilk.ee\/?post_type=product&#038;p=9740"},"modified":"2026-04-30T06:38:49","modified_gmt":"2026-04-30T03:38:49","slug":"siidist-pikk-pidzaama","status":"publish","type":"product","link":"https:\/\/moonsilk.ee\/fi\/tooted\/siidist-pikk-pidzaama\/","title":{"rendered":"Candy Stripe siidist pikk pid\u017eaama"},"content":{"rendered":"","protected":false},"excerpt":{"rendered":"<p>100% naturaalsest 22 momme mooruspuu ehk Mulberry siidist valmistatud pid\u017eaama. Mulberry siidist valmistatud pid\u017eaamad on k\u00f5rgelt hinnatud eelk\u00f5ige just nende vastupidavuse, pehmuse ja h\u00fcpoallergeensete omaduste t\u00f5ttu. OEKO-TEX sertifikaat. Siidist pid\u017eaama on pakendatud kaunisse Moonsilk logoga kinkekarpi, seega sobib see suurep\u00e4raselt ka kingituseks.<\/p>\n<p>Modell kannab suurus S pid\u017eaamat ja on 163cm pikk.<\/p>","protected":false},"featured_media":9781,"comment_status":"open","ping_status":"closed","template":"","meta":{"postBodyCss":"","postBodyMargin":[],"postBodyPadding":[],"postBodyBackground":{"backgroundType":"classic","gradient":""},"enableOnePageScrollInPage":false,"onePageScrollCss":"","onePageScrollSpeed":1000,"onePageScrollAnimation":"easeInOutQuad","onePageScrollShowDotNavigation":true,"onePageScrollNavigation":"scaleUp","onePageScrollNavigationPosition":"right","onePageScrollNavigationHorizontal":[],"onePageScrollNavigationVertical":[],"onePageScrollNavigationSpacing":[],"onePageScrollNavigationColor":"#00ff0d","onePageScrollNavigationColorHover":"#00ff0d","onePageScrollNavigationColorActive":"#00ff0d","onePageScrollNavigationIcon":[],"onePageScrollNavigationWidth":[],"onePageScrollNavigationWidthHover":[],"onePageScrollNavigationWidthActive":[],"onePageScrollNavigationHeight":[],"onePageScrollNavigationHeightHover":[],"onePageScrollNavigationHeightActive":[],"onePageScrollNavigationBorder":[],"onePageScrollNavigationBorderHover":[],"onePageScrollNavigationBorderActive":[],"onePageScrollNavigationBorderRadius":[],"onePageScrollNavigationBorderRadiusHover":[],"onePageScrollNavigationBorderRadiusActive":[],"onePageScrollNavigationTooltipTypography":[],"onePageScrollNavigationTooltipColor":"#ffffff","onePageScrollNavigationTooltipColorHover":"","onePageScrollNavigationTooltipBgColor":"#00ff0d","onePageScrollNavigationTooltipBgColorHover":"","onePageScrollNavigationTooltipPadding":[],"onePageScrollNavigationTooltipPaddingHover":[],"onePageScrollNavigationTooltipBorderRadius":[],"onePageScrollNavigationTooltipBorderRadiusHover":[],"pageSettingsCustomCss":""},"product_brand":[],"product_cat":[80,286,336,44],"product_tag":[34,32,49,50,42,45,47,46,48],"class_list":{"0":"post-9740","1":"product","2":"type-product","3":"status-publish","4":"has-post-thumbnail","6":"product_cat-all","7":"product_cat-siid","8":"product_cat-riided","9":"product_cat-siidist-pidzaamad","10":"product_tag-mooruspuu-siid","11":"product_tag-mulberry-siid","12":"product_tag-mulberry-siidist-ooriided","13":"product_tag-mulberry-siidist-pidzaama","14":"product_tag-naturaalne-siid","15":"product_tag-ooriided","16":"product_tag-pidzaama","17":"product_tag-siidist-ooriided","18":"product_tag-siidist-pidzaama","20":"first","21":"instock","22":"sale","23":"taxable","24":"shipping-taxable","25":"purchasable","26":"product-type-variable"},"bundled_by":[],"bundle_stock_status":"instock","bundle_stock_quantity":null,"bundle_virtual":false,"bundle_layout":"","bundle_add_to_cart_form_location":"","bundle_editable_in_cart":false,"bundle_sold_individually_context":"","bundle_item_grouping":"","bundle_min_size":"","bundle_max_size":"","bundle_price":[],"bundled_items":[],"bundle_sell_ids":[],"supplier_id":null,"supplier_sku":"","barcode":null,"atum_controlled":true,"out_stock_date":null,"out_stock_threshold":null,"inheritable":true,"inbound_stock":0,"stock_on_hold":0,"sold_today":0,"sales_last_days":0,"reserved_stock":0,"customer_returns":0,"warehouse_damage":0,"lost_in_post":0,"other_logs":0,"out_stock_days":0,"lost_sales":0,"has_location":false,"update_date":"2026-04-30T12:50:36","atum_locations":[],"atum_stock_status":"instock","restock_status":false,"low_stock_amount":"","sales_update_date":"2026-04-29T07:49:03","calc_backorders":null,"jetpack_sharing_enabled":true,"_links":{"self":[{"href":"https:\/\/moonsilk.ee\/fi\/wp-json\/wp\/v2\/product\/9740","targetHints":{"allow":["GET"]}}],"collection":[{"href":"https:\/\/moonsilk.ee\/fi\/wp-json\/wp\/v2\/product"}],"about":[{"href":"https:\/\/moonsilk.ee\/fi\/wp-json\/wp\/v2\/types\/product"}],"replies":[{"embeddable":true,"href":"https:\/\/moonsilk.ee\/fi\/wp-json\/wp\/v2\/comments?post=9740"}],"wp:featuredmedia":[{"embeddable":true,"href":"https:\/\/moonsilk.ee\/fi\/wp-json\/wp\/v2\/media\/9781"}],"wp:attachment":[{"href":"https:\/\/moonsilk.ee\/fi\/wp-json\/wp\/v2\/media?parent=9740"}],"wp:term":[{"taxonomy":"product_brand","embeddable":true,"href":"https:\/\/moonsilk.ee\/fi\/wp-json\/wp\/v2\/product_brand?post=9740"},{"taxonomy":"product_cat","embeddable":true,"href":"https:\/\/moonsilk.ee\/fi\/wp-json\/wp\/v2\/product_cat?post=9740"},{"taxonomy":"product_tag","embeddable":true,"href":"https:\/\/moonsilk.ee\/fi\/wp-json\/wp\/v2\/product_tag?post=9740"}],"curies":[{"name":"wp","href":"https:\/\/api.w.org\/{rel}","templated":true}]}}